{"id":1645,"date":"2019-09-26T08:25:15","date_gmt":"2019-09-26T06:25:15","guid":{"rendered":"https:\/\/brugesdockhouse.com\/accueil\/"},"modified":"2025-04-08T15:08:25","modified_gmt":"2025-04-08T13:08:25","slug":"accueil","status":"publish","type":"page","link":"https:\/\/www.sleepingswan.be\/fr\/","title":{"rendered":"Accueil"},"content":{"rendered":"\n<div class=\"wp-block-getwid-section alignfull is-style-bordered alignwide has-inner-blocks-gap-none getwid-anim fadeIn getwid-margin-bottom-none getwid-section-content-full-width\" data-wow-duration=\"2000ms\" data-wow-delay=\"200ms\"><div class=\"wp-block-getwid-section__wrapper getwid-padding-left-normal getwid-padding-right-normal getwid-padding-mobile-left-small getwid-padding-mobile-right-small getwid-align-items-flex-start\" style=\"min-height:30vw\"><div class=\"wp-block-getwid-section__inner-wrapper\"><div class=\"wp-block-getwid-section__background-holder\"><div class=\"wp-block-getwid-section__background has-background has-white-background-color\" style=\"background-image:url('https:\/\/sleepingswan.be\/wp-content\/uploads\/2024\/11\/AdobeStock_374584141_Editorial_Use_Only-scaled.jpeg');background-position:42% 72%\"><div class=\"wp-block-getwid-section__background-image-wrapper\"><img decoding=\"async\" class=\"wp-block-getwid-section__background-image\" src=\"https:\/\/sleepingswan.be\/wp-content\/uploads\/2024\/11\/AdobeStock_374584141_Editorial_Use_Only-scaled.jpeg\" alt=\"\"><\/div><\/div><div class=\"wp-block-getwid-section__foreground\"><\/div><\/div><div class=\"wp-block-getwid-section__content\"><div class=\"wp-block-getwid-section__inner-content\"><\/div><\/div><\/div><\/div><\/div>\n\n<div class=\"wp-block-getwid-section alignfull alignfull has-inner-blocks-gap-small getwid-margin-bottom-none getwid-section-content-full-width\"><div class=\"wp-block-getwid-section__wrapper getwid-padding-top-small getwid-padding-bottom-medium getwid-padding-left-normal getwid-padding-right-normal getwid-padding-mobile-left-small getwid-padding-mobile-right-small\"><div class=\"wp-block-getwid-section__inner-wrapper\"><div class=\"wp-block-getwid-section__background-holder\"><div class=\"wp-block-getwid-section__background has-background has-white-smoke-background-color\"><\/div><div class=\"wp-block-getwid-section__foreground\" style=\"background-color:#ededed\"><\/div><\/div><div class=\"wp-block-getwid-section__content\"><div class=\"wp-block-getwid-section__inner-content\">\n<div class=\"wp-block-getwid-section is-style-default getwid-section-content-custom-width\"><div class=\"wp-block-getwid-section__wrapper getwid-padding-top-none getwid-padding-bottom-none getwid-padding-left-none getwid-padding-right-none\"><div class=\"wp-block-getwid-section__inner-wrapper\" style=\"max-width:1140px\"><div class=\"wp-block-getwid-section__background-holder\"><div class=\"wp-block-getwid-section__background\"><\/div><div class=\"wp-block-getwid-section__foreground\" style=\"background-color:#ededed\"><\/div><\/div><div class=\"wp-block-getwid-section__content\"><div class=\"wp-block-getwid-section__inner-content\"><div class=\"mphb_sc_search-wrapper is-style-horizontal-equal\">\n<form method=\"GET\" class=\"mphb_sc_search-form\" action=\"https:\/\/www.sleepingswan.be\/fr\/resultats-de-la-recherche\/\" data-first_available_check_in_date=\"2026-04-19\">\n\n\t\n\t<p class=\"mphb_sc_search-check-in-date\">\n\t\t<label for=\"mphb_check_in_date-mphb-search-form-69deb8ae39345\">\n\t\t\tArriv\u00e9e\t\t\t<abbr title=\"Format\u00e9 comme dd\/mm\/yyyy\">*<\/abbr>\n\t\t<\/label>\n\t\t<br \/>\n\t\t<input\n\t\t\tid=\"mphb_check_in_date-mphb-search-form-69deb8ae39345\"\n\t\t\tdata-datepick-group=\"mphb-search-form-69deb8ae39345\"\n\t\t\tvalue=\"\"\n\t\t\tplaceholder=\"Date d&#039;arriv\u00e9e\"\n\t\t\trequired=\"required\"\n\t\t\ttype=\"text\"\n\t\t\tinputmode=\"none\"\n\t\t\tname=\"mphb_check_in_date\"\n\t\t\tclass=\"mphb-datepick\"\n\t\t\tautocomplete=\"off\"\n\t\t\t\/>\n\t<\/p>\n\n\t<p class=\"mphb_sc_search-check-out-date\">\n\t\t<label for=\"mphb_check_out_date-mphb-search-form-69deb8ae39345\">\n\t\t\tD\u00e9part\t\t\t<abbr title=\"Format\u00e9 comme dd\/mm\/yyyy\">*<\/abbr>\n\t\t<\/label>\n\t\t<br \/>\n\t\t<input\n\t\t\tid=\"mphb_check_out_date-mphb-search-form-69deb8ae39345\"\n\t\t\tdata-datepick-group=\"mphb-search-form-69deb8ae39345\"\n\t\t\tvalue=\"\"\n\t\t\tplaceholder=\"Date de d\u00e9part\"\n\t\t\trequired=\"required\"\n\t\t\ttype=\"text\"\n\t\t\tinputmode=\"none\"\n\t\t\tname=\"mphb_check_out_date\"\n\t\t\tclass=\"mphb-datepick\"\n\t\t\tautocomplete=\"off\"\n\t\t\t\/>\n\t<\/p>\n\n\t\t\t<input type=\"hidden\" id=\"mphb_adults-mphb-search-form-69deb8ae39345\" name=\"mphb_adults\" value=\"1\" \/>\n\t\n\t\t\t<input type=\"hidden\" id=\"mphb_children-mphb-search-form-69deb8ae39345\" name=\"mphb_children\" value=\"0\" \/>\n\t\n\t\n\t\n\t<input id=\"mphb_check_in_date-mphb-search-form-69deb8ae39345-hidden\" value=\"\" type=\"hidden\" name=\"mphb_check_in_date\" \/><input id=\"mphb_check_out_date-mphb-search-form-69deb8ae39345-hidden\" value=\"\" type=\"hidden\" name=\"mphb_check_out_date\" \/>\n\t<p class=\"mphb_sc_search-submit-button-wrapper\">\n\t\t<input type=\"submit\" class=\"button\" value=\"Chercher\"\/>\n\t<\/p>\n\n\t\n<\/form>\n<\/div><\/div><\/div><\/div><\/div><\/div>\n<\/div><\/div><\/div><\/div><\/div>\n\n<div class=\"wp-block-getwid-section alignfull is-style-default alignfull has-inner-blocks-gap-none getwid-margin-top-none getwid-margin-bottom-small\"><div class=\"wp-block-getwid-section__wrapper getwid-padding-top-none getwid-padding-left-normal getwid-padding-right-normal getwid-padding-mobile-left-small getwid-padding-mobile-right-small\" style=\"padding-bottom:3px\"><div class=\"wp-block-getwid-section__inner-wrapper\"><div class=\"wp-block-getwid-section__background-holder\"><div class=\"wp-block-getwid-section__background has-background has-white-background-color\" style=\"background-image:url('https:\/\/dockhouse.iothing.net\/wp-content\/uploads\/2019\/09\/bg.png');background-position:top center;background-size:auto\"><div class=\"wp-block-getwid-section__background-image-wrapper\"><img decoding=\"async\" class=\"wp-block-getwid-section__background-image\" src=\"https:\/\/dockhouse.iothing.net\/wp-content\/uploads\/2019\/09\/bg.png\" alt=\"\"\/><\/div><\/div><div class=\"wp-block-getwid-section__foreground\"><\/div><\/div><div class=\"wp-block-getwid-section__content\"><div class=\"wp-block-getwid-section__inner-content\">\n<div class=\"wp-block-columns alignwide has-3-columns is-layout-flex wp-container-core-columns-is-layout-28f84493 wp-block-columns-is-layout-flex\">\n<div class=\"wp-block-column is-layout-flow wp-block-column-is-layout-flow\">\n<div class=\"wp-block-getwid-section\"><div class=\"wp-block-getwid-section__wrapper getwid-padding-top-none getwid-padding-bottom-none getwid-padding-left-none getwid-padding-tablet-right-none getwid-padding-mobile-bottom-medium getwid-padding-mobile-right-none getwid-reset-min-height-tablet getwid-reset-min-height-mobile\" style=\"min-height:436px;padding-right:60px\"><div class=\"wp-block-getwid-section__inner-wrapper\"><div class=\"wp-block-getwid-section__background-holder\"><div class=\"wp-block-getwid-section__background\"><\/div><div class=\"wp-block-getwid-section__foreground\"><\/div><\/div><div class=\"wp-block-getwid-section__content\"><div class=\"wp-block-getwid-section__inner-content\">\n<div class=\"wp-block-getwid-advanced-heading\" style=\"margin-bottom:5px\"><span class=\"wp-block-getwid-advanced-heading__content\">Un lieu id\u00e9al pour votre s\u00e9jour<\/span><\/div>\n\n\n\n<div class=\"wp-block-getwid-advanced-heading is-style-default\" style=\"margin-bottom:30px\"><h2 class=\"wp-block-getwid-advanced-heading__content has-text-color\" style=\"color:#565d4f\">Maison d\u2019h\u00f4tes a Bruges <\/h2><\/div>\n\n\n\n<p class=\"has-text-color has-link-color wp-elements-a49f47f20edb68b8268405d9549c6e96\" style=\"color:#565d4f\">Nos chambres spacieuses et confortables disposent d&rsquo;une salle de bains priv\u00e9e et d&rsquo;un lit europ\u00e9en de grande taille. <\/p>\n\n\n\n<div class=\"wp-block-button\"><a class=\"wp-block-button__link has-arsenic-background-color has-background wp-element-button\" href=\"https:\/\/sleepingswan.be\/fr\/pieces-vue-en-liste\/\">Nos chambres<\/a><\/div>\n<\/div><\/div><\/div><\/div><\/div>\n<\/div>\n\n\n\n<div class=\"wp-block-column is-layout-flow wp-block-column-is-layout-flow\"><div class=\"wp-block-image\">\n<figure class=\"aligncenter size-medium is-resized\"><img loading=\"lazy\" decoding=\"async\" width=\"300\" height=\"225\" src=\"https:\/\/sleepingswan.be\/wp-content\/uploads\/2024\/08\/photo-2-300x225.png\" alt=\"\" class=\"wp-image-1946\" style=\"width:382px;height:auto\" srcset=\"https:\/\/www.sleepingswan.be\/wp-content\/uploads\/2024\/08\/photo-2-300x225.png 300w, https:\/\/www.sleepingswan.be\/wp-content\/uploads\/2024\/08\/photo-2-1024x768.png 1024w, https:\/\/www.sleepingswan.be\/wp-content\/uploads\/2024\/08\/photo-2-768x576.png 768w, https:\/\/www.sleepingswan.be\/wp-content\/uploads\/2024\/08\/photo-2-1536x1152.png 1536w, https:\/\/www.sleepingswan.be\/wp-content\/uploads\/2024\/08\/photo-2-2048x1536.png 2048w, https:\/\/www.sleepingswan.be\/wp-content\/uploads\/2024\/08\/photo-2-892x669.png 892w, https:\/\/www.sleepingswan.be\/wp-content\/uploads\/2024\/08\/photo-2-1350x1013.png 1350w\" sizes=\"auto, (max-width: 300px) 100vw, 300px\" \/><\/figure>\n<\/div>\n\n<div class=\"wp-block-image\">\n<figure class=\"aligncenter size-medium is-resized\"><img loading=\"lazy\" decoding=\"async\" width=\"300\" height=\"225\" src=\"https:\/\/sleepingswan.be\/wp-content\/uploads\/2024\/11\/IMG_3340-1-300x225.jpeg\" alt=\"\" class=\"wp-image-2541\" style=\"width:382px;height:auto\" srcset=\"https:\/\/www.sleepingswan.be\/wp-content\/uploads\/2024\/11\/IMG_3340-1-300x225.jpeg 300w, https:\/\/www.sleepingswan.be\/wp-content\/uploads\/2024\/11\/IMG_3340-1-1024x768.jpeg 1024w, https:\/\/www.sleepingswan.be\/wp-content\/uploads\/2024\/11\/IMG_3340-1-768x576.jpeg 768w, https:\/\/www.sleepingswan.be\/wp-content\/uploads\/2024\/11\/IMG_3340-1-1536x1152.jpeg 1536w, https:\/\/www.sleepingswan.be\/wp-content\/uploads\/2024\/11\/IMG_3340-1-2048x1536.jpeg 2048w, https:\/\/www.sleepingswan.be\/wp-content\/uploads\/2024\/11\/IMG_3340-1-892x669.jpeg 892w, https:\/\/www.sleepingswan.be\/wp-content\/uploads\/2024\/11\/IMG_3340-1-1350x1013.jpeg 1350w\" sizes=\"auto, (max-width: 300px) 100vw, 300px\" \/><\/figure>\n<\/div><\/div>\n<\/div>\n<\/div><\/div><\/div><\/div><\/div>\n\n<div class=\"wp-block-getwid-section alignfull alignfull getwid-margin-bottom-none\"><div class=\"wp-block-getwid-section__wrapper getwid-padding-top-small getwid-padding-bottom-none getwid-padding-left-normal getwid-padding-right-normal getwid-padding-mobile-left-small getwid-padding-mobile-right-small\"><div class=\"wp-block-getwid-section__inner-wrapper\"><div class=\"wp-block-getwid-section__background-holder\"><div class=\"wp-block-getwid-section__background has-background has-white-background-color\"><\/div><div class=\"wp-block-getwid-section__foreground\"><\/div><\/div><div class=\"wp-block-getwid-section__content\"><div class=\"wp-block-getwid-section__inner-content\">\n<div class=\"wp-block-columns has-3-columns is-layout-flex wp-container-core-columns-is-layout-28f84493 wp-block-columns-is-layout-flex\">\n<div class=\"wp-block-column is-layout-flow wp-block-column-is-layout-flow\">\n<div class=\"wp-block-getwid-section\"><div class=\"wp-block-getwid-section__wrapper getwid-padding-top-none getwid-padding-bottom-none getwid-padding-left-none getwid-padding-tablet-right-none getwid-padding-mobile-bottom-medium getwid-padding-mobile-right-none getwid-reset-min-height-tablet getwid-reset-min-height-mobile\" style=\"min-height:436px;padding-right:20px\"><div class=\"wp-block-getwid-section__inner-wrapper\"><div class=\"wp-block-getwid-section__background-holder\"><div class=\"wp-block-getwid-section__background\"><\/div><div class=\"wp-block-getwid-section__foreground\"><\/div><\/div><div class=\"wp-block-getwid-section__content\"><div class=\"wp-block-getwid-section__inner-content\">\n<div class=\"wp-block-getwid-advanced-heading\" style=\"margin-bottom:5px\"><span class=\"wp-block-getwid-advanced-heading__content has-text-color\" style=\"color:#565d4f\"><\/span><\/div>\n\n\n\n<div class=\"wp-block-getwid-advanced-heading\" style=\"margin-bottom:30px\"><h2 class=\"wp-block-getwid-advanced-heading__content has-text-color\" style=\"color:#565d4f\">Le Sleeping Swan au c\u0153ur de Bruges<\/h2><\/div>\n\n\n\n<p class=\"has-text-color has-link-color wp-elements-dfb454e0f1bd92cc39644694527b6731\" style=\"color:#565d4f\">Au centre de Bruges, notre maison d\u2019h\u00f4tes est une \u00e9l\u00e9gante \u00ab\u00a0Gentleman&rsquo;s House\u00a0\u00bb au bord du canal, avec une fa\u00e7ade prot\u00e9g\u00e9e datant de 1750, situ\u00e9e dans un quartier impr\u00e9gn\u00e9 de l&rsquo;histoire commerciale de la vieille ville de Bruges.<\/p>\n\n\n\n<p>Les cygnes sont pr\u00e9sents dans la ville de Bruges depuis le XV\u00e8 si\u00e8cle et en sont l\u2019un des symboles. Ils ont pour habitude de se promener sur l\u2019eau, devant notre B&amp;B, en soir\u00e9e lorsque les bateaux ont termin\u00e9 leur journ\u00e9e. C\u2019est un tableau enchanteur qui s\u2019offre alors \u00e0 nous et nous esp\u00e9rons que vous aurez l\u2019opportunit\u00e9 d\u2019en profiter lors de votre prochain s\u00e9jour dans notre B&amp;B.  <\/p>\n\n\n\n<p class=\"has-text-color has-link-color wp-elements-bd79901c6106d78e213368026a52305d\" style=\"color:#565d4f\">Les attractions historiques de la ville, telles que la Grote Markt et le Beffroi, les mus\u00e9es, les galeries, les boutiques et les restaurants ne sont qu&rsquo;\u00e0 quelques pas.<\/p>\n\n\n\n<div class=\"wp-block-getwid-advanced-spacer\" style=\"height:20px\" aria-hidden=\"true\"><\/div>\n<\/div><\/div><\/div><\/div><\/div>\n<\/div>\n\n\n\n<div class=\"wp-block-column is-layout-flow wp-block-column-is-layout-flow\">\n<div class=\"wp-block-getwid-section\"><div class=\"wp-block-getwid-section__wrapper getwid-padding-top-none getwid-padding-bottom-none getwid-padding-left-none getwid-padding-tablet-right-none getwid-padding-mobile-bottom-medium getwid-padding-mobile-right-none getwid-align-items-flex-start getwid-reset-min-height-tablet getwid-reset-min-height-mobile\" style=\"min-height:436px;padding-right:20px\"><div class=\"wp-block-getwid-section__inner-wrapper\"><div class=\"wp-block-getwid-section__background-holder\"><div class=\"wp-block-getwid-section__background\"><\/div><div class=\"wp-block-getwid-section__foreground\"><\/div><\/div><div class=\"wp-block-getwid-section__content\"><div class=\"wp-block-getwid-section__inner-content\">\n<div class=\"wp-block-getwid-advanced-heading\" style=\"margin-bottom:5px\"><span class=\"wp-block-getwid-advanced-heading__content has-text-color\" style=\"color:#565d4f\"><\/span><\/div>\n\n\n\n<div class=\"wp-block-getwid-advanced-heading\" style=\"margin-bottom:30px\"><h2 class=\"wp-block-getwid-advanced-heading__content has-text-color\" style=\"color:#565d4f\">V\u00e9los<\/h2><\/div>\n\n\n\n<p class=\"has-text-color has-link-color wp-elements-e926be9b047465b36da9eaae9d0d5b77\" style=\"color:#565d4f\">Nous mettons des v\u00e9los \u00e0 votre disposition.<\/p>\n\n\n\n<div class=\"wp-block-getwid-advanced-spacer\" style=\"height:20px\" aria-hidden=\"true\"><\/div>\n<\/div><\/div><\/div><\/div><\/div>\n<\/div>\n\n\n\n<div class=\"wp-block-column is-layout-flow wp-block-column-is-layout-flow\">\n<div class=\"wp-block-getwid-section\"><div class=\"wp-block-getwid-section__wrapper getwid-padding-top-none getwid-padding-bottom-none getwid-padding-left-none getwid-padding-tablet-right-none getwid-padding-mobile-bottom-medium getwid-padding-mobile-right-none getwid-align-items-flex-start getwid-reset-min-height-tablet getwid-reset-min-height-mobile\" style=\"min-height:436px;padding-right:20px\"><div class=\"wp-block-getwid-section__inner-wrapper\"><div class=\"wp-block-getwid-section__background-holder\"><div class=\"wp-block-getwid-section__background\"><\/div><div class=\"wp-block-getwid-section__foreground\"><\/div><\/div><div class=\"wp-block-getwid-section__content\"><div class=\"wp-block-getwid-section__inner-content\">\n<div class=\"wp-block-getwid-advanced-heading\" style=\"margin-bottom:5px\"><span class=\"wp-block-getwid-advanced-heading__content has-text-color\" style=\"color:#565d4f\"><\/span><\/div>\n\n\n\n<div class=\"wp-block-getwid-advanced-heading\" style=\"margin-bottom:30px\"><h2 class=\"wp-block-getwid-advanced-heading__content has-text-color\" style=\"color:#565d4f\">D\u00e9tendez-vous  <\/h2><\/div>\n\n\n\n<p class=\"has-text-color has-link-color wp-elements-43cea89eb8948a709d47b7376fbbd8c6\" style=\"color:#565d4f\">Le salon du Sleeping Swan est un lieu paisible o\u00f9 vous pourrez vous d\u00e9tendre apr\u00e8s une journ\u00e9e de d\u00e9couvertes. Installez-vous confortablement dans le canap\u00e9 et savourez une bonne bi\u00e8re belge.<\/p>\n\n\n\n<p class=\"has-text-color has-link-color wp-elements-e52f4278652fb1c25316f0ad7b50183d\" style=\"color:#565d4f\">Notre cour tranquille est l&rsquo;endroit id\u00e9al pour se d\u00e9tendre pendant les jours les plus chauds. Prenez donc une bouteille dans le r\u00e9frig\u00e9rateur et profitez de la tranquillit\u00e9 de cette petite oasis de verdure. <\/p>\n\n\n\n<div class=\"wp-block-getwid-advanced-spacer\" style=\"height:20px\" aria-hidden=\"true\"><\/div>\n<\/div><\/div><\/div><\/div><\/div>\n<\/div>\n<\/div>\n<\/div><\/div><\/div><\/div><\/div>\n\n<p><\/p>\n","protected":false},"excerpt":{"rendered":"","protected":false},"author":3,"featured_media":1948,"parent":0,"menu_order":0,"comment_status":"closed","ping_status":"closed","template":"template-canvas-page.php","meta":{"advanced_seo_description":"","jetpack_seo_html_title":"","jetpack_seo_noindex":false,"footnotes":""},"class_list":["post-1645","page","type-page","status-publish","has-post-thumbnail","hentry"],"jetpack_sharing_enabled":true,"_links":{"self":[{"href":"https:\/\/www.sleepingswan.be\/fr\/wp-json\/wp\/v2\/pages\/1645","targetHints":{"allow":["GET"]}}],"collection":[{"href":"https:\/\/www.sleepingswan.be\/fr\/wp-json\/wp\/v2\/pages"}],"about":[{"href":"https:\/\/www.sleepingswan.be\/fr\/wp-json\/wp\/v2\/types\/page"}],"author":[{"embeddable":true,"href":"https:\/\/www.sleepingswan.be\/fr\/wp-json\/wp\/v2\/users\/3"}],"replies":[{"embeddable":true,"href":"https:\/\/www.sleepingswan.be\/fr\/wp-json\/wp\/v2\/comments?post=1645"}],"version-history":[{"count":154,"href":"https:\/\/www.sleepingswan.be\/fr\/wp-json\/wp\/v2\/pages\/1645\/revisions"}],"predecessor-version":[{"id":3607,"href":"https:\/\/www.sleepingswan.be\/fr\/wp-json\/wp\/v2\/pages\/1645\/revisions\/3607"}],"wp:featuredmedia":[{"embeddable":true,"href":"https:\/\/www.sleepingswan.be\/fr\/wp-json\/wp\/v2\/media\/1948"}],"wp:attachment":[{"href":"https:\/\/www.sleepingswan.be\/fr\/wp-json\/wp\/v2\/media?parent=1645"}],"curies":[{"name":"wp","href":"https:\/\/api.w.org\/{rel}","templated":true}]}}