{"id":1639,"date":"2019-10-09T15:01:20","date_gmt":"2019-10-09T13:01:20","guid":{"rendered":"https:\/\/brugesdockhouse.com\/pieces-vue-en-liste\/"},"modified":"2025-04-08T15:56:22","modified_gmt":"2025-04-08T13:56:22","slug":"pieces-vue-en-liste","status":"publish","type":"page","link":"https:\/\/www.sleepingswan.be\/fr\/pieces-vue-en-liste\/","title":{"rendered":"Chambres"},"content":{"rendered":"<div class=\"mphb_sc_rooms-wrapper mphb-room-types \">    <div class=\"loop-rooms-wrapper\">\n\t\n<div class=\"mphb-room-type post-1661 mphb_room_type type-mphb_room_type status-publish has-post-thumbnail mphb_room_type_category-chambre mphb_room_type_facility-porte-serviettes-chauffant mphb_room_type_facility-seche-cheveux mphb_room_type_facility-wi-fi-gratuit mphb-room-type-adults-2 mphb-room-type-children-0 \">\n\n\t\n\t<div class=\"loop-room-wrapper\">\n\t\t\t\t\t<div class=\"loop-room-images-wrapper\">\n\t\t\t\t<div class=\"loop-room-categories\"><a href=\"https:\/\/www.sleepingswan.be\/fr\/accommodation-category\/chambre\/\" rel=\"tag\">Chambre<\/a><\/div>\n\n\t<div class=\"mphb-room-type-images\">\n\t<div id='mphb-flexslider-gallery-1' class='gallery-columns-1 gallery-size-booklium-square mphb-gallery-main-slider mphb-flexslider-gallery-wrapper mphb-room-type-gallery-wrapper mphb-gallery-main-slider-69deb8f23e503' data-flexslider-atts='{\"animation\":\"slide\",\"controlNav\":false,\"animationLoop\":true,\"smoothHeight\":true,\"slideshow\":false}' data-group='69deb8f23e503'><ul class=\"slides\"><li class='gallery-item'><span class='gallery-icon portrait'>\n\t\t\t\t<a href=\"https:\/\/www.sleepingswan.be\/fr\/accommodation\/canal-room\/\"><img loading=\"lazy\" decoding=\"async\" width=\"892\" height=\"892\" src=\"https:\/\/www.sleepingswan.be\/wp-content\/uploads\/2024\/11\/Unknown-1-1-892x892.jpeg\" class=\"attachment-booklium-square size-booklium-square\" alt=\"\" srcset=\"https:\/\/www.sleepingswan.be\/wp-content\/uploads\/2024\/11\/Unknown-1-1-892x892.jpeg 892w, https:\/\/www.sleepingswan.be\/wp-content\/uploads\/2024\/11\/Unknown-1-1-150x150.jpeg 150w\" sizes=\"auto, (max-width: 892px) 100vw, 892px\" \/><\/a>\n\t\t\t<\/span><\/li><li class='gallery-item'><span class='gallery-icon portrait'>\n\t\t\t\t<a href=\"https:\/\/www.sleepingswan.be\/fr\/accommodation\/canal-room\/\"><img loading=\"lazy\" decoding=\"async\" width=\"892\" height=\"892\" src=\"https:\/\/www.sleepingswan.be\/wp-content\/uploads\/2024\/11\/IMG_7269-892x892.jpeg\" class=\"attachment-booklium-square size-booklium-square\" alt=\"\" srcset=\"https:\/\/www.sleepingswan.be\/wp-content\/uploads\/2024\/11\/IMG_7269-892x892.jpeg 892w, https:\/\/www.sleepingswan.be\/wp-content\/uploads\/2024\/11\/IMG_7269-150x150.jpeg 150w\" sizes=\"auto, (max-width: 892px) 100vw, 892px\" \/><\/a>\n\t\t\t<\/span><\/li><li class='gallery-item'><span class='gallery-icon landscape'>\n\t\t\t\t<a href=\"https:\/\/www.sleepingswan.be\/fr\/accommodation\/canal-room\/\"><img loading=\"lazy\" decoding=\"async\" width=\"892\" height=\"892\" src=\"https:\/\/www.sleepingswan.be\/wp-content\/uploads\/2024\/11\/IMG_7271-892x892.jpeg\" class=\"attachment-booklium-square size-booklium-square\" alt=\"\" srcset=\"https:\/\/www.sleepingswan.be\/wp-content\/uploads\/2024\/11\/IMG_7271-892x892.jpeg 892w, https:\/\/www.sleepingswan.be\/wp-content\/uploads\/2024\/11\/IMG_7271-150x150.jpeg 150w\" sizes=\"auto, (max-width: 892px) 100vw, 892px\" \/><\/a>\n\t\t\t<\/span><\/li><li class='gallery-item'><span class='gallery-icon portrait'>\n\t\t\t\t<a href=\"https:\/\/www.sleepingswan.be\/fr\/accommodation\/canal-room\/\"><img loading=\"lazy\" decoding=\"async\" width=\"892\" height=\"892\" src=\"https:\/\/www.sleepingswan.be\/wp-content\/uploads\/2024\/11\/IMG_7148-892x892.jpeg\" class=\"attachment-booklium-square size-booklium-square\" alt=\"\" srcset=\"https:\/\/www.sleepingswan.be\/wp-content\/uploads\/2024\/11\/IMG_7148-892x892.jpeg 892w, https:\/\/www.sleepingswan.be\/wp-content\/uploads\/2024\/11\/IMG_7148-150x150.jpeg 150w\" sizes=\"auto, (max-width: 892px) 100vw, 892px\" \/><\/a>\n\t\t\t<\/span><\/li><li class='gallery-item'><span class='gallery-icon portrait'>\n\t\t\t\t<a href=\"https:\/\/www.sleepingswan.be\/fr\/accommodation\/canal-room\/\"><img loading=\"lazy\" decoding=\"async\" width=\"892\" height=\"892\" src=\"https:\/\/www.sleepingswan.be\/wp-content\/uploads\/2024\/11\/Unknown-892x892.jpeg\" class=\"attachment-booklium-square size-booklium-square\" alt=\"\" srcset=\"https:\/\/www.sleepingswan.be\/wp-content\/uploads\/2024\/11\/Unknown-892x892.jpeg 892w, https:\/\/www.sleepingswan.be\/wp-content\/uploads\/2024\/11\/Unknown-150x150.jpeg 150w\" sizes=\"auto, (max-width: 892px) 100vw, 892px\" \/><\/a>\n\t\t\t<\/span><\/li><li class='gallery-item'><span class='gallery-icon portrait'>\n\t\t\t\t<a href=\"https:\/\/www.sleepingswan.be\/fr\/accommodation\/canal-room\/\"><img loading=\"lazy\" decoding=\"async\" width=\"892\" height=\"892\" src=\"https:\/\/www.sleepingswan.be\/wp-content\/uploads\/2024\/11\/IMG_7183-892x892.jpeg\" class=\"attachment-booklium-square size-booklium-square\" alt=\"\" srcset=\"https:\/\/www.sleepingswan.be\/wp-content\/uploads\/2024\/11\/IMG_7183-892x892.jpeg 892w, https:\/\/www.sleepingswan.be\/wp-content\/uploads\/2024\/11\/IMG_7183-150x150.jpeg 150w\" sizes=\"auto, (max-width: 892px) 100vw, 892px\" \/><\/a>\n\t\t\t<\/span><\/li><li class='gallery-item'><span class='gallery-icon portrait'>\n\t\t\t\t<a href=\"https:\/\/www.sleepingswan.be\/fr\/accommodation\/canal-room\/\"><img loading=\"lazy\" decoding=\"async\" width=\"892\" height=\"892\" src=\"https:\/\/www.sleepingswan.be\/wp-content\/uploads\/2024\/11\/IMG_7286-892x892.jpeg\" class=\"attachment-booklium-square size-booklium-square\" alt=\"\" srcset=\"https:\/\/www.sleepingswan.be\/wp-content\/uploads\/2024\/11\/IMG_7286-892x892.jpeg 892w, https:\/\/www.sleepingswan.be\/wp-content\/uploads\/2024\/11\/IMG_7286-150x150.jpeg 150w\" sizes=\"auto, (max-width: 892px) 100vw, 892px\" \/><\/a>\n\t\t\t<\/span><\/li><\/ul>\n\t\t<\/div>\n\n\t<\/div>\n\t\t\t\t<\/div>\n\t\t\t\t\t\t<div class=\"loop-room-info-wrapper\">\n\t\t\t\t\n<h2 class=\"mphb-room-type-title entry-title\">\n\n<a class=\"mphb-room-type-title\" href=\"https:\/\/www.sleepingswan.be\/fr\/accommodation\/canal-room\/\">Salle du canal<\/a>\n\n<\/h2>    <ul class=\"loop-room-short-attributes\">\n\t\n\n\t<li class=\"mphb-room-type-adults-capacity\"><span class=\"mphb-attribute-title mphb-adults-title\">Invit\u00e9s:<\/span><span class=\"mphb-attribute-value\">\n\t2\n\t<\/span><\/li>\n\t\n\n\n    <\/ul>\n\t\n\n<p>Grande chambre (+ de 25 m2) avec vue sur les canaux. Celle-ci dispose d&rsquo;un grand lit double, d&rsquo;une salle de bains avec wc, d&rsquo;un coin salon avec deux fauteuils Swan et d&rsquo;une chaise suspendue. Appelez-nous ou envoyez-nous un e-mail pour obtenir le tarif le plus bas.<\/p>\n\n\n<ul class=\"mphb-loop-room-type-attributes\">\n\n\n\n\n\t<li class=\"mphb-room-type-bed-type\"><span  class=\"mphb-attribute-title mphb-bed-type-title\">Type de lit :<\/span><span class=\"mphb-attribute-value\">\n\tRoi d&rsquo;Europe\n\t<\/span><\/li>\n\t\n\n\t<li class=\"mphb-room-type-categories\"><span class=\"mphb-attribute-title mphb-categories-title\">Cat\u00e9gories :<\/span><span class=\"mphb-attribute-value\"> <span class=\"category-chambre\"><a href=\"https:\/\/www.sleepingswan.be\/fr\/accommodation-category\/chambre\/\">Chambre<\/a><\/span><\/span><\/li>\n\t\n\n\t<li class=\"mphb-room-type-facilities\"><span class=\"mphb-attribute-title mphb-facilities-title\">\u00c9quipements :<\/span><span class=\"mphb-attribute-value\"> <span class=\"facility-porte-serviettes-chauffant\"><a href=\"https:\/\/www.sleepingswan.be\/fr\/accommodation-facility\/porte-serviettes-chauffant\/\">Porte-serviettes chauffant<\/a><\/span>, <span class=\"facility-seche-cheveux\"><a href=\"https:\/\/www.sleepingswan.be\/fr\/accommodation-facility\/seche-cheveux\/\">S\u00e8che-cheveux<\/a><\/span>, <span class=\"facility-wi-fi-gratuit\"><a href=\"https:\/\/www.sleepingswan.be\/fr\/accommodation-facility\/wi-fi-gratuit\/\">Wi-Fi gratuit<\/a><\/span><\/span><\/li>\n\t\n<\/ul>\t\t\t<\/div>\n\t\t\t\t\t<div class=\"loop-room-book-wrapper\">\n\t\t\t\t\n\n\t<p class=\"mphb-regular-price\"><strong>Prix \u00e0 partir de:<\/strong>\n\t<span class=\"mphb-price\"><span class=\"mphb-currency\">&euro;<\/span>165<\/span> <span class=\"mphb-price-period\" title=\"Choisissez les dates pour voir les prix pertinents\">par nuit<\/span>\n\t<\/p>\n\t\n<div class=\"mphb-to-book-btn-wrapper\">\n<form action=\"https:\/\/www.sleepingswan.be\/fr\/accommodation\/canal-room\/#booking-form-1661\" method=\"get\" ><button type=\"submit\" class=\"button mphb-book-button\" >R\u00e9server<\/button><\/form>\n<br\/><\/div>\n<p class=\"mphb-view-details-button-wrapper\">\n<a class=\"button mphb-view-details-button\" href=\"https:\/\/www.sleepingswan.be\/fr\/accommodation\/canal-room\/\" >Voir les d\u00e9tails<\/a>\n<\/p>\t\t\t<\/div>\n\t\t\n\t<\/div>\n\t\n<\/div>\n\n<div class=\"mphb-room-type post-1667 mphb_room_type type-mphb_room_type status-publish has-post-thumbnail mphb_room_type_category-chambre mphb_room_type_facility-porte-serviettes-chauffant mphb_room_type_facility-seche-cheveux mphb_room_type_facility-wi-fi-gratuit mphb-room-type-adults-2 mphb-room-type-children-0 \">\n\n\t\n\t<div class=\"loop-room-wrapper\">\n\t\t\t\t\t<div class=\"loop-room-images-wrapper\">\n\t\t\t\t<div class=\"loop-room-categories\"><a href=\"https:\/\/www.sleepingswan.be\/fr\/accommodation-category\/chambre\/\" rel=\"tag\">Chambre<\/a><\/div>\n\n\t<div class=\"mphb-room-type-images\">\n\t<div id='mphb-flexslider-gallery-2' class='gallery-columns-1 gallery-size-booklium-square mphb-gallery-main-slider mphb-flexslider-gallery-wrapper mphb-room-type-gallery-wrapper mphb-gallery-main-slider-69deb8f242308' data-flexslider-atts='{\"animation\":\"slide\",\"controlNav\":false,\"animationLoop\":true,\"smoothHeight\":true,\"slideshow\":false}' data-group='69deb8f242308'><ul class=\"slides\"><li class='gallery-item'><span class='gallery-icon portrait'>\n\t\t\t\t<a href=\"https:\/\/www.sleepingswan.be\/fr\/accommodation\/chambre-terrasse\/\"><img loading=\"lazy\" decoding=\"async\" width=\"480\" height=\"640\" src=\"https:\/\/www.sleepingswan.be\/wp-content\/uploads\/2024\/11\/FullSizeRender-3.jpg\" class=\"attachment-booklium-square size-booklium-square\" alt=\"\" srcset=\"https:\/\/www.sleepingswan.be\/wp-content\/uploads\/2024\/11\/FullSizeRender-3.jpg 480w, https:\/\/www.sleepingswan.be\/wp-content\/uploads\/2024\/11\/FullSizeRender-3-225x300.jpg 225w\" sizes=\"auto, (max-width: 480px) 100vw, 480px\" \/><\/a>\n\t\t\t<\/span><\/li><li class='gallery-item'><span class='gallery-icon landscape'>\n\t\t\t\t<a href=\"https:\/\/www.sleepingswan.be\/fr\/accommodation\/chambre-terrasse\/\"><img loading=\"lazy\" decoding=\"async\" width=\"640\" height=\"480\" src=\"https:\/\/www.sleepingswan.be\/wp-content\/uploads\/2024\/11\/FullSizeRender-2.jpg\" class=\"attachment-booklium-square size-booklium-square\" alt=\"\" srcset=\"https:\/\/www.sleepingswan.be\/wp-content\/uploads\/2024\/11\/FullSizeRender-2.jpg 640w, https:\/\/www.sleepingswan.be\/wp-content\/uploads\/2024\/11\/FullSizeRender-2-300x225.jpg 300w\" sizes=\"auto, (max-width: 640px) 100vw, 640px\" \/><\/a>\n\t\t\t<\/span><\/li><li class='gallery-item'><span class='gallery-icon portrait'>\n\t\t\t\t<a href=\"https:\/\/www.sleepingswan.be\/fr\/accommodation\/chambre-terrasse\/\"><img loading=\"lazy\" decoding=\"async\" width=\"892\" height=\"892\" src=\"https:\/\/www.sleepingswan.be\/wp-content\/uploads\/2024\/11\/IMG_7092-892x892.jpeg\" class=\"attachment-booklium-square size-booklium-square\" alt=\"\" srcset=\"https:\/\/www.sleepingswan.be\/wp-content\/uploads\/2024\/11\/IMG_7092-892x892.jpeg 892w, https:\/\/www.sleepingswan.be\/wp-content\/uploads\/2024\/11\/IMG_7092-150x150.jpeg 150w\" sizes=\"auto, (max-width: 892px) 100vw, 892px\" \/><\/a>\n\t\t\t<\/span><\/li><li class='gallery-item'><span class='gallery-icon portrait'>\n\t\t\t\t<a href=\"https:\/\/www.sleepingswan.be\/fr\/accommodation\/chambre-terrasse\/\"><img loading=\"lazy\" decoding=\"async\" width=\"480\" height=\"640\" src=\"https:\/\/www.sleepingswan.be\/wp-content\/uploads\/2024\/11\/FullSizeRender.jpg\" class=\"attachment-booklium-square size-booklium-square\" alt=\"\" srcset=\"https:\/\/www.sleepingswan.be\/wp-content\/uploads\/2024\/11\/FullSizeRender.jpg 480w, https:\/\/www.sleepingswan.be\/wp-content\/uploads\/2024\/11\/FullSizeRender-225x300.jpg 225w\" sizes=\"auto, (max-width: 480px) 100vw, 480px\" \/><\/a>\n\t\t\t<\/span><\/li><\/ul>\n\t\t<\/div>\n\n\t<\/div>\n\t\t\t\t<\/div>\n\t\t\t\t\t\t<div class=\"loop-room-info-wrapper\">\n\t\t\t\t\n<h2 class=\"mphb-room-type-title entry-title\">\n\n<a class=\"mphb-room-type-title\" href=\"https:\/\/www.sleepingswan.be\/fr\/accommodation\/chambre-terrasse\/\">Chambre Terrasse<\/a>\n\n<\/h2>    <ul class=\"loop-room-short-attributes\">\n\t\n\n\t<li class=\"mphb-room-type-adults-capacity\"><span class=\"mphb-attribute-title mphb-adults-title\">Invit\u00e9s:<\/span><span class=\"mphb-attribute-value\">\n\t2\n\t<\/span><\/li>\n\t\n\n\n    <\/ul>\n\t\n\n<p>Grande chambre (+ de 25 m2) \u00e0 l&rsquo;arri\u00e8re au calme. Celle-ci dispose d&rsquo;un grand lit double, d&rsquo;une salle de bains avec wc, d&rsquo;un coin salon avec deux fauteuils et d&rsquo;une petite terrasse. Appelez-nous ou envoyez-nous un e-mail pour obtenir le tarif le plus bas.<\/p>\n\n\n<ul class=\"mphb-loop-room-type-attributes\">\n\n\n\n\n\t<li class=\"mphb-room-type-bed-type\"><span  class=\"mphb-attribute-title mphb-bed-type-title\">Type de lit :<\/span><span class=\"mphb-attribute-value\">\n\tRoi d&rsquo;Europe\n\t<\/span><\/li>\n\t\n\n\t<li class=\"mphb-room-type-categories\"><span class=\"mphb-attribute-title mphb-categories-title\">Cat\u00e9gories :<\/span><span class=\"mphb-attribute-value\"> <span class=\"category-chambre\"><a href=\"https:\/\/www.sleepingswan.be\/fr\/accommodation-category\/chambre\/\">Chambre<\/a><\/span><\/span><\/li>\n\t\n\n\t<li class=\"mphb-room-type-facilities\"><span class=\"mphb-attribute-title mphb-facilities-title\">\u00c9quipements :<\/span><span class=\"mphb-attribute-value\"> <span class=\"facility-porte-serviettes-chauffant\"><a href=\"https:\/\/www.sleepingswan.be\/fr\/accommodation-facility\/porte-serviettes-chauffant\/\">Porte-serviettes chauffant<\/a><\/span>, <span class=\"facility-seche-cheveux\"><a href=\"https:\/\/www.sleepingswan.be\/fr\/accommodation-facility\/seche-cheveux\/\">S\u00e8che-cheveux<\/a><\/span>, <span class=\"facility-wi-fi-gratuit\"><a href=\"https:\/\/www.sleepingswan.be\/fr\/accommodation-facility\/wi-fi-gratuit\/\">Wi-Fi gratuit<\/a><\/span><\/span><\/li>\n\t\n<\/ul>\t\t\t<\/div>\n\t\t\t\t\t<div class=\"loop-room-book-wrapper\">\n\t\t\t\t\n\n\t<p class=\"mphb-regular-price\"><strong>Prix \u00e0 partir de:<\/strong>\n\t<span class=\"mphb-price\"><span class=\"mphb-currency\">&euro;<\/span>165<\/span> <span class=\"mphb-price-period\" title=\"Choisissez les dates pour voir les prix pertinents\">par nuit<\/span>\n\t<\/p>\n\t\n<div class=\"mphb-to-book-btn-wrapper\">\n<form action=\"https:\/\/www.sleepingswan.be\/fr\/accommodation\/chambre-terrasse\/#booking-form-1667\" method=\"get\" ><button type=\"submit\" class=\"button mphb-book-button\" >R\u00e9server<\/button><\/form>\n<br\/><\/div>\n<p class=\"mphb-view-details-button-wrapper\">\n<a class=\"button mphb-view-details-button\" href=\"https:\/\/www.sleepingswan.be\/fr\/accommodation\/chambre-terrasse\/\" >Voir les d\u00e9tails<\/a>\n<\/p>\t\t\t<\/div>\n\t\t\n\t<\/div>\n\t\n<\/div>\n    <\/div>\n\t<\/div>\n<p>Notre maison d\u2019h\u00f4tes dispose de 2 chambres. Cliquez sur \u00ab\u00a0Voir les d\u00e9tails\u00a0\u00bb pour conna\u00eetre la disponibilit\u00e9 de cette chambre.<\/p>\n","protected":false},"excerpt":{"rendered":"<p>La fusion extr\u00eamement s\u00e9duisante de chambres douillettes et d&rsquo;une vue fabuleuse depuis la fen\u00eatre vous surprendra d\u00e8s que vous ouvrirez la porte de votre chambre. Profitez du calme et de la majest\u00e9 de ce lieu. <\/p>\n","protected":false},"author":3,"featured_media":0,"parent":0,"menu_order":0,"comment_status":"closed","ping_status":"closed","template":"template-wide-page.php","meta":{"advanced_seo_description":"","jetpack_seo_html_title":"","jetpack_seo_noindex":false,"footnotes":""},"class_list":["post-1639","page","type-page","status-publish","hentry"],"jetpack_sharing_enabled":true,"_links":{"self":[{"href":"https:\/\/www.sleepingswan.be\/fr\/wp-json\/wp\/v2\/pages\/1639","targetHints":{"allow":["GET"]}}],"collection":[{"href":"https:\/\/www.sleepingswan.be\/fr\/wp-json\/wp\/v2\/pages"}],"about":[{"href":"https:\/\/www.sleepingswan.be\/fr\/wp-json\/wp\/v2\/types\/page"}],"author":[{"embeddable":true,"href":"https:\/\/www.sleepingswan.be\/fr\/wp-json\/wp\/v2\/users\/3"}],"replies":[{"embeddable":true,"href":"https:\/\/www.sleepingswan.be\/fr\/wp-json\/wp\/v2\/comments?post=1639"}],"version-history":[{"count":14,"href":"https:\/\/www.sleepingswan.be\/fr\/wp-json\/wp\/v2\/pages\/1639\/revisions"}],"predecessor-version":[{"id":3611,"href":"https:\/\/www.sleepingswan.be\/fr\/wp-json\/wp\/v2\/pages\/1639\/revisions\/3611"}],"wp:attachment":[{"href":"https:\/\/www.sleepingswan.be\/fr\/wp-json\/wp\/v2\/media?parent=1639"}],"curies":[{"name":"wp","href":"https:\/\/api.w.org\/{rel}","templated":true}]}}