{"id":1633,"date":"2019-10-09T15:03:51","date_gmt":"2019-10-09T13:03:51","guid":{"rendered":"https:\/\/brugesdockhouse.com\/chambres-vue-compacte\/"},"modified":"2024-08-01T05:50:44","modified_gmt":"2024-08-01T03:50:44","slug":"chambres-vue-compacte","status":"publish","type":"page","link":"https:\/\/www.sleepingswan.be\/fr\/chambres-vue-compacte\/","title":{"rendered":"Chambres &#8211; Vue compacte"},"content":{"rendered":"<div class=\"mphb_sc_rooms-wrapper mphb-room-types is-style-minimalistic\">    <div class=\"loop-rooms-wrapper\">\n\t\n<div class=\"mphb-room-type post-1661 mphb_room_type type-mphb_room_type status-publish has-post-thumbnail mphb_room_type_category-chambre mphb_room_type_facility-porte-serviettes-chauffant mphb_room_type_facility-seche-cheveux mphb_room_type_facility-wi-fi-gratuit mphb-room-type-adults-2 mphb-room-type-children-0 \">\n\n\t\n\t<div class=\"loop-room-wrapper\">\n\t\t\t\t\t<div class=\"loop-room-images-wrapper\">\n\t\t\t\t<div class=\"loop-room-categories\"><a href=\"https:\/\/www.sleepingswan.be\/fr\/accommodation-category\/chambre\/\" rel=\"tag\">Chambre<\/a><\/div>\n\n\t<div class=\"mphb-room-type-images\">\n\t<div id='mphb-flexslider-gallery-1' class='gallery-columns-1 gallery-size-booklium-square mphb-gallery-main-slider mphb-flexslider-gallery-wrapper mphb-room-type-gallery-wrapper mphb-gallery-main-slider-69deb92eaddd3' data-flexslider-atts='{\"animation\":\"slide\",\"controlNav\":false,\"animationLoop\":true,\"smoothHeight\":true,\"slideshow\":false}' data-group='69deb92eaddd3'><ul class=\"slides\"><li class='gallery-item'><span class='gallery-icon portrait'>\n\t\t\t\t<a href=\"https:\/\/www.sleepingswan.be\/fr\/accommodation\/canal-room\/\"><img loading=\"lazy\" decoding=\"async\" width=\"892\" height=\"892\" src=\"https:\/\/www.sleepingswan.be\/wp-content\/uploads\/2024\/11\/Unknown-1-1-892x892.jpeg\" class=\"attachment-booklium-square size-booklium-square\" alt=\"\" srcset=\"https:\/\/www.sleepingswan.be\/wp-content\/uploads\/2024\/11\/Unknown-1-1-892x892.jpeg 892w, https:\/\/www.sleepingswan.be\/wp-content\/uploads\/2024\/11\/Unknown-1-1-150x150.jpeg 150w\" sizes=\"auto, (max-width: 892px) 100vw, 892px\" \/><\/a>\n\t\t\t<\/span><\/li><li class='gallery-item'><span class='gallery-icon portrait'>\n\t\t\t\t<a href=\"https:\/\/www.sleepingswan.be\/fr\/accommodation\/canal-room\/\"><img loading=\"lazy\" decoding=\"async\" width=\"892\" height=\"892\" src=\"https:\/\/www.sleepingswan.be\/wp-content\/uploads\/2024\/11\/IMG_7269-892x892.jpeg\" class=\"attachment-booklium-square size-booklium-square\" alt=\"\" srcset=\"https:\/\/www.sleepingswan.be\/wp-content\/uploads\/2024\/11\/IMG_7269-892x892.jpeg 892w, https:\/\/www.sleepingswan.be\/wp-content\/uploads\/2024\/11\/IMG_7269-150x150.jpeg 150w\" sizes=\"auto, (max-width: 892px) 100vw, 892px\" \/><\/a>\n\t\t\t<\/span><\/li><li class='gallery-item'><span class='gallery-icon landscape'>\n\t\t\t\t<a href=\"https:\/\/www.sleepingswan.be\/fr\/accommodation\/canal-room\/\"><img loading=\"lazy\" decoding=\"async\" width=\"892\" height=\"892\" src=\"https:\/\/www.sleepingswan.be\/wp-content\/uploads\/2024\/11\/IMG_7271-892x892.jpeg\" class=\"attachment-booklium-square size-booklium-square\" alt=\"\" srcset=\"https:\/\/www.sleepingswan.be\/wp-content\/uploads\/2024\/11\/IMG_7271-892x892.jpeg 892w, https:\/\/www.sleepingswan.be\/wp-content\/uploads\/2024\/11\/IMG_7271-150x150.jpeg 150w\" sizes=\"auto, (max-width: 892px) 100vw, 892px\" \/><\/a>\n\t\t\t<\/span><\/li><li class='gallery-item'><span class='gallery-icon portrait'>\n\t\t\t\t<a href=\"https:\/\/www.sleepingswan.be\/fr\/accommodation\/canal-room\/\"><img loading=\"lazy\" decoding=\"async\" width=\"892\" height=\"892\" src=\"https:\/\/www.sleepingswan.be\/wp-content\/uploads\/2024\/11\/IMG_7148-892x892.jpeg\" class=\"attachment-booklium-square size-booklium-square\" alt=\"\" srcset=\"https:\/\/www.sleepingswan.be\/wp-content\/uploads\/2024\/11\/IMG_7148-892x892.jpeg 892w, https:\/\/www.sleepingswan.be\/wp-content\/uploads\/2024\/11\/IMG_7148-150x150.jpeg 150w\" sizes=\"auto, (max-width: 892px) 100vw, 892px\" \/><\/a>\n\t\t\t<\/span><\/li><li class='gallery-item'><span class='gallery-icon portrait'>\n\t\t\t\t<a href=\"https:\/\/www.sleepingswan.be\/fr\/accommodation\/canal-room\/\"><img loading=\"lazy\" decoding=\"async\" width=\"892\" height=\"892\" src=\"https:\/\/www.sleepingswan.be\/wp-content\/uploads\/2024\/11\/Unknown-892x892.jpeg\" class=\"attachment-booklium-square size-booklium-square\" alt=\"\" srcset=\"https:\/\/www.sleepingswan.be\/wp-content\/uploads\/2024\/11\/Unknown-892x892.jpeg 892w, https:\/\/www.sleepingswan.be\/wp-content\/uploads\/2024\/11\/Unknown-150x150.jpeg 150w\" sizes=\"auto, (max-width: 892px) 100vw, 892px\" \/><\/a>\n\t\t\t<\/span><\/li><li class='gallery-item'><span class='gallery-icon portrait'>\n\t\t\t\t<a href=\"https:\/\/www.sleepingswan.be\/fr\/accommodation\/canal-room\/\"><img loading=\"lazy\" decoding=\"async\" width=\"892\" height=\"892\" src=\"https:\/\/www.sleepingswan.be\/wp-content\/uploads\/2024\/11\/IMG_7183-892x892.jpeg\" class=\"attachment-booklium-square size-booklium-square\" alt=\"\" srcset=\"https:\/\/www.sleepingswan.be\/wp-content\/uploads\/2024\/11\/IMG_7183-892x892.jpeg 892w, https:\/\/www.sleepingswan.be\/wp-content\/uploads\/2024\/11\/IMG_7183-150x150.jpeg 150w\" sizes=\"auto, (max-width: 892px) 100vw, 892px\" \/><\/a>\n\t\t\t<\/span><\/li><li class='gallery-item'><span class='gallery-icon portrait'>\n\t\t\t\t<a href=\"https:\/\/www.sleepingswan.be\/fr\/accommodation\/canal-room\/\"><img loading=\"lazy\" decoding=\"async\" width=\"892\" height=\"892\" src=\"https:\/\/www.sleepingswan.be\/wp-content\/uploads\/2024\/11\/IMG_7286-892x892.jpeg\" class=\"attachment-booklium-square size-booklium-square\" alt=\"\" srcset=\"https:\/\/www.sleepingswan.be\/wp-content\/uploads\/2024\/11\/IMG_7286-892x892.jpeg 892w, https:\/\/www.sleepingswan.be\/wp-content\/uploads\/2024\/11\/IMG_7286-150x150.jpeg 150w\" sizes=\"auto, (max-width: 892px) 100vw, 892px\" \/><\/a>\n\t\t\t<\/span><\/li><\/ul>\n\t\t<\/div>\n\n\t<\/div>\n\t\t\t\t<\/div>\n\t\t\t\t\t\t<div class=\"loop-room-info-wrapper\">\n\t\t\t\t\n<h2 class=\"mphb-room-type-title entry-title\">\n\n<a class=\"mphb-room-type-title\" href=\"https:\/\/www.sleepingswan.be\/fr\/accommodation\/canal-room\/\">Salle du canal<\/a>\n\n<\/h2>\t\t\t<\/div>\n\t\t\t\t\t<div class=\"loop-room-book-wrapper\">\n\t\t\t\t\n\n\t<p class=\"mphb-regular-price\"><strong>Prix \u00e0 partir de:<\/strong>\n\t<span class=\"mphb-price\"><span class=\"mphb-currency\">&euro;<\/span>165<\/span> <span class=\"mphb-price-period\" title=\"Choisissez les dates pour voir les prix pertinents\">par nuit<\/span>\n\t<\/p>\n\t\t\t\t<\/div>\n\t\t\n\t<\/div>\n\t\n<\/div>\n\n<div class=\"mphb-room-type post-1667 mphb_room_type type-mphb_room_type status-publish has-post-thumbnail mphb_room_type_category-chambre mphb_room_type_facility-porte-serviettes-chauffant mphb_room_type_facility-seche-cheveux mphb_room_type_facility-wi-fi-gratuit mphb-room-type-adults-2 mphb-room-type-children-0 \">\n\n\t\n\t<div class=\"loop-room-wrapper\">\n\t\t\t\t\t<div class=\"loop-room-images-wrapper\">\n\t\t\t\t<div class=\"loop-room-categories\"><a href=\"https:\/\/www.sleepingswan.be\/fr\/accommodation-category\/chambre\/\" rel=\"tag\">Chambre<\/a><\/div>\n\n\t<div class=\"mphb-room-type-images\">\n\t<div id='mphb-flexslider-gallery-2' class='gallery-columns-1 gallery-size-booklium-square mphb-gallery-main-slider mphb-flexslider-gallery-wrapper mphb-room-type-gallery-wrapper mphb-gallery-main-slider-69deb92eb0141' data-flexslider-atts='{\"animation\":\"slide\",\"controlNav\":false,\"animationLoop\":true,\"smoothHeight\":true,\"slideshow\":false}' data-group='69deb92eb0141'><ul class=\"slides\"><li class='gallery-item'><span class='gallery-icon portrait'>\n\t\t\t\t<a href=\"https:\/\/www.sleepingswan.be\/fr\/accommodation\/chambre-terrasse\/\"><img loading=\"lazy\" decoding=\"async\" width=\"480\" height=\"640\" src=\"https:\/\/www.sleepingswan.be\/wp-content\/uploads\/2024\/11\/FullSizeRender-3.jpg\" class=\"attachment-booklium-square size-booklium-square\" alt=\"\" srcset=\"https:\/\/www.sleepingswan.be\/wp-content\/uploads\/2024\/11\/FullSizeRender-3.jpg 480w, https:\/\/www.sleepingswan.be\/wp-content\/uploads\/2024\/11\/FullSizeRender-3-225x300.jpg 225w\" sizes=\"auto, (max-width: 480px) 100vw, 480px\" \/><\/a>\n\t\t\t<\/span><\/li><li class='gallery-item'><span class='gallery-icon landscape'>\n\t\t\t\t<a href=\"https:\/\/www.sleepingswan.be\/fr\/accommodation\/chambre-terrasse\/\"><img loading=\"lazy\" decoding=\"async\" width=\"640\" height=\"480\" src=\"https:\/\/www.sleepingswan.be\/wp-content\/uploads\/2024\/11\/FullSizeRender-2.jpg\" class=\"attachment-booklium-square size-booklium-square\" alt=\"\" srcset=\"https:\/\/www.sleepingswan.be\/wp-content\/uploads\/2024\/11\/FullSizeRender-2.jpg 640w, https:\/\/www.sleepingswan.be\/wp-content\/uploads\/2024\/11\/FullSizeRender-2-300x225.jpg 300w\" sizes=\"auto, (max-width: 640px) 100vw, 640px\" \/><\/a>\n\t\t\t<\/span><\/li><li class='gallery-item'><span class='gallery-icon portrait'>\n\t\t\t\t<a href=\"https:\/\/www.sleepingswan.be\/fr\/accommodation\/chambre-terrasse\/\"><img loading=\"lazy\" decoding=\"async\" width=\"892\" height=\"892\" src=\"https:\/\/www.sleepingswan.be\/wp-content\/uploads\/2024\/11\/IMG_7092-892x892.jpeg\" class=\"attachment-booklium-square size-booklium-square\" alt=\"\" srcset=\"https:\/\/www.sleepingswan.be\/wp-content\/uploads\/2024\/11\/IMG_7092-892x892.jpeg 892w, https:\/\/www.sleepingswan.be\/wp-content\/uploads\/2024\/11\/IMG_7092-150x150.jpeg 150w\" sizes=\"auto, (max-width: 892px) 100vw, 892px\" \/><\/a>\n\t\t\t<\/span><\/li><li class='gallery-item'><span class='gallery-icon portrait'>\n\t\t\t\t<a href=\"https:\/\/www.sleepingswan.be\/fr\/accommodation\/chambre-terrasse\/\"><img loading=\"lazy\" decoding=\"async\" width=\"480\" height=\"640\" src=\"https:\/\/www.sleepingswan.be\/wp-content\/uploads\/2024\/11\/FullSizeRender.jpg\" class=\"attachment-booklium-square size-booklium-square\" alt=\"\" srcset=\"https:\/\/www.sleepingswan.be\/wp-content\/uploads\/2024\/11\/FullSizeRender.jpg 480w, https:\/\/www.sleepingswan.be\/wp-content\/uploads\/2024\/11\/FullSizeRender-225x300.jpg 225w\" sizes=\"auto, (max-width: 480px) 100vw, 480px\" \/><\/a>\n\t\t\t<\/span><\/li><\/ul>\n\t\t<\/div>\n\n\t<\/div>\n\t\t\t\t<\/div>\n\t\t\t\t\t\t<div class=\"loop-room-info-wrapper\">\n\t\t\t\t\n<h2 class=\"mphb-room-type-title entry-title\">\n\n<a class=\"mphb-room-type-title\" href=\"https:\/\/www.sleepingswan.be\/fr\/accommodation\/chambre-terrasse\/\">Chambre Terrasse<\/a>\n\n<\/h2>\t\t\t<\/div>\n\t\t\t\t\t<div class=\"loop-room-book-wrapper\">\n\t\t\t\t\n\n\t<p class=\"mphb-regular-price\"><strong>Prix \u00e0 partir de:<\/strong>\n\t<span class=\"mphb-price\"><span class=\"mphb-currency\">&euro;<\/span>165<\/span> <span class=\"mphb-price-period\" title=\"Choisissez les dates pour voir les prix pertinents\">par nuit<\/span>\n\t<\/p>\n\t\t\t\t<\/div>\n\t\t\n\t<\/div>\n\t\n<\/div>\n    <\/div>\n\t<\/div>","protected":false},"excerpt":{"rendered":"<p>La fusion extr\u00eamement s\u00e9duisante de chambres douillettes et d&rsquo;une vue fabuleuse depuis la fen\u00eatre vous surprendra d\u00e8s que vous ouvrirez la porte de votre chambre.<br \/>\nAppr\u00e9ciez le calme et la majest\u00e9 de cet endroit. <\/p>\n","protected":false},"author":3,"featured_media":0,"parent":0,"menu_order":0,"comment_status":"closed","ping_status":"closed","template":"template-wider-page.php","meta":{"advanced_seo_description":"","jetpack_seo_html_title":"","jetpack_seo_noindex":false,"footnotes":""},"class_list":["post-1633","page","type-page","status-publish","hentry"],"jetpack_sharing_enabled":true,"_links":{"self":[{"href":"https:\/\/www.sleepingswan.be\/fr\/wp-json\/wp\/v2\/pages\/1633","targetHints":{"allow":["GET"]}}],"collection":[{"href":"https:\/\/www.sleepingswan.be\/fr\/wp-json\/wp\/v2\/pages"}],"about":[{"href":"https:\/\/www.sleepingswan.be\/fr\/wp-json\/wp\/v2\/types\/page"}],"author":[{"embeddable":true,"href":"https:\/\/www.sleepingswan.be\/fr\/wp-json\/wp\/v2\/users\/3"}],"replies":[{"embeddable":true,"href":"https:\/\/www.sleepingswan.be\/fr\/wp-json\/wp\/v2\/comments?post=1633"}],"version-history":[{"count":1,"href":"https:\/\/www.sleepingswan.be\/fr\/wp-json\/wp\/v2\/pages\/1633\/revisions"}],"predecessor-version":[{"id":1635,"href":"https:\/\/www.sleepingswan.be\/fr\/wp-json\/wp\/v2\/pages\/1633\/revisions\/1635"}],"wp:attachment":[{"href":"https:\/\/www.sleepingswan.be\/fr\/wp-json\/wp\/v2\/media?parent=1633"}],"curies":[{"name":"wp","href":"https:\/\/api.w.org\/{rel}","templated":true}]}}